{"id":59,"date":"2020-06-03T11:44:56","date_gmt":"2020-06-03T11:44:56","guid":{"rendered":"https:\/\/demosites.io\/travel-blog-gb\/?page_id=59"},"modified":"2021-12-22T06:33:35","modified_gmt":"2021-12-22T06:33:35","slug":"64ce2-home","status":"publish","type":"page","link":"https:\/\/www.uebersicht-versicherungen.de\/","title":{"rendered":"Home"},"content":{"rendered":"\t\t<div data-elementor-type=\"wp-page\" data-elementor-id=\"59\" class=\"elementor elementor-59\" data-elementor-settings=\"[]\">\n\t\t\t\t\t\t\t<div class=\"elementor-section-wrap\">\n\t\t\t\t\t\t\t<section class=\"elementor-section elementor-top-section elementor-element elementor-element-a0474c8 elementor-section-boxed elementor-section-height-default elementor-section-height-default\" data-id=\"a0474c8\" data-element_type=\"section\" data-settings=\"{&quot;_ha_eqh_enable&quot;:false}\">\n\t\t\t\t\t\t<div class=\"elementor-container elementor-column-gap-default\">\n\t\t\t\t\t<div class=\"elementor-column elementor-col-66 elementor-top-column elementor-element elementor-element-4bddfab\" data-id=\"4bddfab\" data-element_type=\"column\">\n\t\t\t<div class=\"elementor-widget-wrap elementor-element-populated\">\n\t\t\t\t\t\t\t\t<div class=\"elementor-element elementor-element-4654713 elementor-widget elementor-widget-text-editor\" data-id=\"4654713\" data-element_type=\"widget\" data-widget_type=\"text-editor.default\">\n\t\t\t\t<div class=\"elementor-widget-container\">\n\t\t\t\t\t\t\tWikipedia untergliedert die Versicherungen wie folgt:\n<ul>\n<li><a title=\"Lebensversicherung\" href=\"https:\/\/de.wikipedia.org\/wiki\/Lebensversicherung\">Lebensversicherung<\/a>\n<ul>\n<li><a title=\"Lebensversicherung\" href=\"https:\/\/de.wikipedia.org\/wiki\/Lebensversicherung\">Risikolebensversicherung<\/a><\/li>\n<li><a title=\"Lebensversicherung\" href=\"https:\/\/de.wikipedia.org\/wiki\/Lebensversicherung\">Gemischte Lebensversicherung<\/a>\n<ul>\n<li>fondsgebundene Lebensversicherung<\/li>\n<\/ul>\n<\/li>\n<li><a title=\"Rentenversicherung (Erlebensversicherung)\" href=\"https:\/\/de.wikipedia.org\/wiki\/Rentenversicherung_(Erlebensversicherung)\">Rentenversicherung<\/a>\n<ul>\n<li>fondsgebundene Rentenversicherung<\/li>\n<\/ul>\n<\/li>\n<li><a title=\"Berufsunf\u00e4higkeitsversicherung\" href=\"https:\/\/de.wikipedia.org\/wiki\/Berufsunf%C3%A4higkeitsversicherung\">Berufsunf\u00e4higkeitsversicherung<\/a><\/li>\n<li><a title=\"Pflegerentenversicherung\" href=\"https:\/\/de.wikipedia.org\/wiki\/Pflegerentenversicherung\">Pflegerentenversicherung<\/a><\/li>\n<\/ul>\n<\/li>\n<li><a title=\"Krankenversicherung\" href=\"https:\/\/de.wikipedia.org\/wiki\/Krankenversicherung\">Krankenversicherung<\/a>\n<ul>\n<li><a title=\"Private Krankenversicherung\" href=\"https:\/\/de.wikipedia.org\/wiki\/Private_Krankenversicherung\">private Krankenversicherung<\/a><\/li>\n<li>private Erg\u00e4nzungstarife zur gesetzlichen KV<\/li>\n<li><a title=\"Dread-Disease-Versicherung\" href=\"https:\/\/de.wikipedia.org\/wiki\/Dread-Disease-Versicherung\">Dread-Disease-Versicherung<\/a>\u00a0(schwere Krankheiten)<\/li>\n<li>Grundf\u00e4higkeiten-Versicherung<\/li>\n<li>Pflegekostenversicherung<\/li>\n<li><a title=\"Pflegetagegeldversicherung\" href=\"https:\/\/de.wikipedia.org\/wiki\/Pflegetagegeldversicherung\">Pflegetagegeldversicherung<\/a><\/li>\n<\/ul>\n<\/li>\n<li><a class=\"mw-redirect\" title=\"Kompositversicherung\" href=\"https:\/\/de.wikipedia.org\/wiki\/Kompositversicherung\">Kompositversicherung<\/a>\n<ul>\n<li><a class=\"mw-redirect\" title=\"Sachversicherung\" href=\"https:\/\/de.wikipedia.org\/wiki\/Sachversicherung\">Sachversicherung<\/a>\n<ul>\n<li><a title=\"Hausratversicherung\" href=\"https:\/\/de.wikipedia.org\/wiki\/Hausratversicherung\">Hausratversicherung<\/a><\/li>\n<li><a title=\"Geb\u00e4udeversicherung\" href=\"https:\/\/de.wikipedia.org\/wiki\/Geb%C3%A4udeversicherung\">Geb\u00e4udeversicherung<\/a><\/li>\n<li><a title=\"Gesch\u00e4ftsinhaltsversicherung\" href=\"https:\/\/de.wikipedia.org\/wiki\/Gesch%C3%A4ftsinhaltsversicherung\">Gesch\u00e4ftsinhaltsversicherung<\/a><\/li>\n<li><a class=\"new\" title=\"Gewerbeversicherung (Seite nicht vorhanden)\" href=\"https:\/\/de.wikipedia.org\/w\/index.php?title=Gewerbeversicherung&amp;action=edit&amp;redlink=1\">Gewerbeversicherung<\/a>, Schweiz: Gesch\u00e4ftsversicherung<\/li>\n<li><a class=\"mw-redirect\" title=\"R\u00fccklaufversicherung\" href=\"https:\/\/de.wikipedia.org\/wiki\/R%C3%BCcklaufversicherung\">R\u00fccklaufversicherung<\/a><\/li>\n<li><a title=\"Bauleistungsversicherung\" href=\"https:\/\/de.wikipedia.org\/wiki\/Bauleistungsversicherung\">Bauleistungsversicherung<\/a><\/li>\n<li>Maschinenkasko- und Maschinenbruchversicherung<\/li>\n<li>Montageversicherung<\/li>\n<li>Elementarversicherung (z B. Erdbeben, \u00dcberschwemmung)<\/li>\n<li>Hagelschadenversicherungen (z.\u00a0B. f\u00fcr Obstkulturen)<\/li>\n<\/ul>\n<\/li>\n<li><a title=\"Haftpflichtversicherung\" href=\"https:\/\/de.wikipedia.org\/wiki\/Haftpflichtversicherung\">Haftpflichtversicherung<\/a>\n<ul>\n<li><a title=\"Kfz-Haftpflichtversicherung\" href=\"https:\/\/de.wikipedia.org\/wiki\/Kfz-Haftpflichtversicherung\">Kfz-Haftpflichtversicherung<\/a><\/li>\n<li><a title=\"Privathaftpflichtversicherung\" href=\"https:\/\/de.wikipedia.org\/wiki\/Privathaftpflichtversicherung\">Privathaftpflichtversicherung<\/a><\/li>\n<li><a title=\"Tierhalterhaftpflichtversicherung\" href=\"https:\/\/de.wikipedia.org\/wiki\/Tierhalterhaftpflichtversicherung\">Tierhalterhaftpflichtversicherung<\/a><\/li>\n<li><a title=\"Betriebshaftpflichtversicherung\" href=\"https:\/\/de.wikipedia.org\/wiki\/Betriebshaftpflichtversicherung\">Betriebshaftpflichtversicherung<\/a>\u00a0(General Liability, GL) und\u00a0<a title=\"Berufshaftpflichtversicherung\" href=\"https:\/\/de.wikipedia.org\/wiki\/Berufshaftpflichtversicherung\">Berufshaftpflichtversicherung<\/a>\u00a0(Professional Indemnity, PI)<\/li>\n<li><a title=\"Produkthaftpflichtversicherung\" href=\"https:\/\/de.wikipedia.org\/wiki\/Produkthaftpflichtversicherung\">Produkthaftpflichtversicherung<\/a><\/li>\n<li>Bauherrenhaftpflichtversicherung<\/li>\n<li>\u00d6ltankhaftpflichtversicherung<\/li>\n<li><a title=\"Haus- und Grundbesitzerhaftpflichtversicherung\" href=\"https:\/\/de.wikipedia.org\/wiki\/Haus-_und_Grundbesitzerhaftpflichtversicherung\">Haus- und Grundbesitzerhaftpflichtversicherung<\/a><\/li>\n<li>Umwelthaftpflichtversicherung<\/li>\n<li>Verm\u00f6gensschadenhaftpflichtversicherung f\u00fcr Manager (<a title=\"D&amp;O-Versicherung\" href=\"https:\/\/de.wikipedia.org\/wiki\/D%26O-Versicherung\">D&amp;O-Versicherung<\/a>), Stiftungsr\u00e4te von Pensionskassen oder Freiberuflern<\/li>\n<li><a class=\"new\" title=\"EPLI (Seite nicht vorhanden)\" href=\"https:\/\/de.wikipedia.org\/w\/index.php?title=EPLI&amp;action=edit&amp;redlink=1\">EPLI<\/a>\u00a0(Employers Practice Liability Versicherung)<\/li>\n<\/ul>\n<\/li>\n<li><a title=\"Betriebsunterbrechungsversicherung\" href=\"https:\/\/de.wikipedia.org\/wiki\/Betriebsunterbrechungsversicherung\">Betriebsunterbrechungsversicherung<\/a><\/li>\n<li><a title=\"Private Unfallversicherung\" href=\"https:\/\/de.wikipedia.org\/wiki\/Private_Unfallversicherung\">Unfallversicherung<\/a><\/li>\n<li>Transportversicherung<\/li>\n<li><a title=\"Kreditversicherung\" href=\"https:\/\/de.wikipedia.org\/wiki\/Kreditversicherung\">Kreditversicherung<\/a><\/li>\n<li><a title=\"Vertrauensschadenversicherung\" href=\"https:\/\/de.wikipedia.org\/wiki\/Vertrauensschadenversicherung\">Vertrauensschadenversicherung<\/a>\u00a0(auch Crime genannt)<\/li>\n<li>Kidnap&amp;Ransom (Entf\u00fchrung und L\u00f6segeld)<\/li>\n<li><a title=\"Reiseversicherung\" href=\"https:\/\/de.wikipedia.org\/wiki\/Reiseversicherung\">Reiseversicherung<\/a>\n<ul>\n<li><a class=\"mw-redirect\" title=\"Reiser\u00fccktrittsversicherung\" href=\"https:\/\/de.wikipedia.org\/wiki\/Reiser%C3%BCcktrittsversicherung\">Reisestornoversicherung<\/a><\/li>\n<li><a class=\"new\" title=\"Reisemittelvers\u00e4umnisversicherung (Seite nicht vorhanden)\" href=\"https:\/\/de.wikipedia.org\/w\/index.php?title=Reisemittelvers%C3%A4umnisversicherung&amp;action=edit&amp;redlink=1\">Reisemittelvers\u00e4umnisversicherung<\/a><\/li>\n<li><a class=\"new\" title=\"Reisegep\u00e4ckversicherung (Seite nicht vorhanden)\" href=\"https:\/\/de.wikipedia.org\/w\/index.php?title=Reisegep%C3%A4ckversicherung&amp;action=edit&amp;redlink=1\">Reisegep\u00e4ckversicherung<\/a><\/li>\n<li><a class=\"new\" title=\"Reiseunfallversicherung (Seite nicht vorhanden)\" href=\"https:\/\/de.wikipedia.org\/w\/index.php?title=Reiseunfallversicherung&amp;action=edit&amp;redlink=1\">Reiseunfallversicherung<\/a><\/li>\n<li><a class=\"mw-redirect\" title=\"Reisekrankenversicherung\" href=\"https:\/\/de.wikipedia.org\/wiki\/Reisekrankenversicherung\">Reisekrankenversicherung<\/a><\/li>\n<li><a title=\"Reiser\u00fccktransportversicherung\" href=\"https:\/\/de.wikipedia.org\/wiki\/Reiser%C3%BCcktransportversicherung\">Reiser\u00fccktransportversicherung<\/a><\/li>\n<li><a title=\"Reiseprivathaftpflichtversicherung\" href=\"https:\/\/de.wikipedia.org\/wiki\/Reiseprivathaftpflichtversicherung\">Reiseprivathaftpflichtversicherung<\/a><\/li>\n<li><a class=\"new\" title=\"Reiseassistenzversicherung (Seite nicht vorhanden)\" href=\"https:\/\/de.wikipedia.org\/w\/index.php?title=Reiseassistenzversicherung&amp;action=edit&amp;redlink=1\">Reiseassistenzversicherung<\/a><\/li>\n<li>Reise<a title=\"Rechtsschutzversicherung\" href=\"https:\/\/de.wikipedia.org\/wiki\/Rechtsschutzversicherung\">rechtsschutzversicherung<\/a><\/li>\n<\/ul>\n<\/li>\n<li><a title=\"Arbeitslosigkeitsversicherung\" href=\"https:\/\/de.wikipedia.org\/wiki\/Arbeitslosigkeitsversicherung\">Private Arbeitslosenversicherung<\/a><\/li>\n<li><a title=\"Tierversicherung\" href=\"https:\/\/de.wikipedia.org\/wiki\/Tierversicherung\">Tierversicherungen<\/a><\/li>\n<li>Versicherung gegen die finanziellen Folgen von F\u00fchrerausweisentzug<\/li>\n<\/ul>\n<\/li>\n<li><a title=\"Rechtsschutzversicherung\" href=\"https:\/\/de.wikipedia.org\/wiki\/Rechtsschutzversicherung\">Rechtsschutzversicherung<\/a><\/li>\n<\/ul>\t\t\t\t\t\t<\/div>\n\t\t\t\t<\/div>\n\t\t\t\t\t<\/div>\n\t\t<\/div>\n\t\t\t\t<div class=\"elementor-column elementor-col-33 elementor-top-column elementor-element elementor-element-ba9cc0a\" data-id=\"ba9cc0a\" data-element_type=\"column\">\n\t\t\t<div class=\"elementor-widget-wrap\">\n\t\t\t\t\t\t\t\t\t<\/div>\n\t\t<\/div>\n\t\t\t\t\t\t\t<\/div>\n\t\t<\/section>\n\t\t\t\t\t\t<\/div>\n\t\t\t\t\t<\/div>\n\t\t","protected":false},"excerpt":{"rendered":"<p>Wikipedia untergliedert die Versicherungen wie folgt: Lebensversicherung Risikolebensversicherung Gemischte Lebensversicherung fondsgebundene Lebensversicherung Rentenversicherung fondsgebundene Rentenversicherung Berufsunf\u00e4higkeitsversicherung Pflegerentenversicherung Krankenversicherung private Krankenversicherung private Erg\u00e4nzungstarife zur gesetzlichen KV Dread-Disease-Versicherung\u00a0(schwere Krankheiten) Grundf\u00e4higkeiten-Versicherung Pflegekostenversicherung Pflegetagegeldversicherung Kompositversicherung Sachversicherung Hausratversicherung Geb\u00e4udeversicherung Gesch\u00e4ftsinhaltsversicherung Gewerbeversicherung, Schweiz: Gesch\u00e4ftsversicherung R\u00fccklaufversicherung Bauleistungsversicherung Maschinenkasko- und Maschinenbruchversicherung Montageversicherung Elementarversicherung (z B. Erdbeben, \u00dcberschwemmung) Hagelschadenversicherungen (z.\u00a0B. f\u00fcr Obstkulturen) Haftpflichtversicherung Kfz-Haftpflichtversicherung&hellip;&nbsp;<a href=\"https:\/\/www.uebersicht-versicherungen.de\/\" class=\"\" rel=\"bookmark\">Weiterlesen &raquo;<span class=\"screen-reader-text\">Home<\/span><\/a><\/p>\n","protected":false},"author":1,"featured_media":0,"parent":0,"menu_order":0,"comment_status":"closed","ping_status":"closed","template":"","meta":{"neve_meta_sidebar":"full-width","neve_meta_container":"","neve_meta_enable_content_width":"on","neve_meta_content_width":100,"neve_meta_title_alignment":"","neve_meta_author_avatar":"","neve_post_elements_order":"","neve_meta_disable_header":"","neve_meta_disable_footer":"","neve_meta_disable_title":"on","footnotes":""},"class_list":["post-59","page","type-page","status-publish","hentry"],"acf":[],"_links":{"self":[{"href":"https:\/\/www.uebersicht-versicherungen.de\/index.php?rest_route=\/wp\/v2\/pages\/59","targetHints":{"allow":["GET"]}}],"collection":[{"href":"https:\/\/www.uebersicht-versicherungen.de\/index.php?rest_route=\/wp\/v2\/pages"}],"about":[{"href":"https:\/\/www.uebersicht-versicherungen.de\/index.php?rest_route=\/wp\/v2\/types\/page"}],"author":[{"embeddable":true,"href":"https:\/\/www.uebersicht-versicherungen.de\/index.php?rest_route=\/wp\/v2\/users\/1"}],"replies":[{"embeddable":true,"href":"https:\/\/www.uebersicht-versicherungen.de\/index.php?rest_route=%2Fwp%2Fv2%2Fcomments&post=59"}],"version-history":[{"count":3,"href":"https:\/\/www.uebersicht-versicherungen.de\/index.php?rest_route=\/wp\/v2\/pages\/59\/revisions"}],"predecessor-version":[{"id":281,"href":"https:\/\/www.uebersicht-versicherungen.de\/index.php?rest_route=\/wp\/v2\/pages\/59\/revisions\/281"}],"wp:attachment":[{"href":"https:\/\/www.uebersicht-versicherungen.de\/index.php?rest_route=%2Fwp%2Fv2%2Fmedia&parent=59"}],"curies":[{"name":"wp","href":"https:\/\/api.w.org\/{rel}","templated":true}]}}